{"id":522,"date":"2023-09-27T13:27:52","date_gmt":"2023-09-27T13:27:52","guid":{"rendered":"https:\/\/casafahrenheit.com\/about-us\/"},"modified":"2024-02-09T15:36:55","modified_gmt":"2024-02-09T15:36:55","slug":"about-us","status":"publish","type":"page","link":"https:\/\/casafahrenheit.com\/es\/about-us\/","title":{"rendered":"About Us"},"content":{"rendered":"<div data-elementor-type=\"wp-page\" data-elementor-id=\"522\" class=\"elementor elementor-522\" data-elementor-post-type=\"page\">\n\t\t\t\t\t\t<section class=\"elementor-section elementor-top-section elementor-element elementor-element-142837c elementor-section-full_width elementor-section-height-min-height elementor-section-items-stretch elementor-section-content-middle elementor-reverse-tablet elementor-reverse-mobile elementor-section-height-default\" data-id=\"142837c\" data-element_type=\"section\">\n\t\t\t\t\t\t<div class=\"elementor-container elementor-column-gap-no\">\n\t\t\t\t\t<div class=\"elementor-column elementor-col-50 elementor-top-column elementor-element elementor-element-0206d15\" data-id=\"0206d15\" data-element_type=\"column\">\n\t\t\t<div class=\"elementor-widget-wrap elementor-element-populated\">\n\t\t\t\t\t\t<section class=\"elementor-section elementor-inner-section elementor-element elementor-element-daa2a39 elementor-section-full_width elementor-section-height-default elementor-section-height-default\" data-id=\"daa2a39\" data-element_type=\"section\">\n\t\t\t\t\t\t<div class=\"elementor-container elementor-column-gap-no\">\n\t\t\t\t\t<div class=\"elementor-column elementor-col-100 elementor-inner-column elementor-element elementor-element-7680e15\" data-id=\"7680e15\" data-element_type=\"column\">\n\t\t\t<div class=\"elementor-widget-wrap elementor-element-populated\">\n\t\t\t\t\t\t<div class=\"elementor-element elementor-element-a07b5e8 elementor-widget__width-initial elementor-widget-mobile__width-initial elementor-invisible elementor-widget elementor-widget-heading\" data-id=\"a07b5e8\" data-element_type=\"widget\" data-settings=\"{&quot;_animation&quot;:&quot;fadeInUp&quot;}\" data-widget_type=\"heading.default\">\n\t\t\t\t<div class=\"elementor-widget-container\">\n\t\t\t\t\t<span class=\"elementor-heading-title elementor-size-default\">SOBRE NOSOTROS<\/span>\t\t\t\t<\/div>\n\t\t\t\t<\/div>\n\t\t\t\t<div class=\"elementor-element elementor-element-f3f1b12 elementor-widget__width-initial elementor-widget-mobile__width-initial elementor-invisible elementor-widget elementor-widget-text-editor\" data-id=\"f3f1b12\" data-element_type=\"widget\" data-settings=\"{&quot;_animation&quot;:&quot;fadeInDown&quot;}\" data-widget_type=\"text-editor.default\">\n\t\t\t\t<div class=\"elementor-widget-container\">\n\t\t\t\t\t\t\t\t\t<p>Casa Fahrenheit es el resultado de la evoluci\u00f3n de Fahrenheit 451, un espacio itinerante que naci\u00f3 como librer\u00eda m\u00f3vil en silos para despu\u00e9s trasladarse a la Barceloneta y recuperar el local que ocupaba la m\u00edtica Negra y Criminal. Abrimos ahora nuestras puertas al Born para recibir a todo el que le interese la cultura en su espectro m\u00e1s amplio.<\/p><p>Adem\u00e1s de un cat\u00e1logo de libros que no suelen encontrarse en otras librer\u00edas, seleccionados uno a uno en base a criterios de calidad, ofrecemos un santuario en el que disfrutar de ellos con actividades diarias, caf\u00e9 de especialidad y una atm\u00f3sfera acogedora. A ello unimos nuestra pasi\u00f3n por la m\u00fasica, con un cat\u00e1logo distinguido de vinilos de todos los estilos escogidos con el criterio que nos caracteriza y una sala de escucha y disfrute de la experiencia sonora.<\/p><p>Tambi\u00e9n tenemos un espacio para realizar talleres abierto a quien quiera plantear sus propuestas. Sumergirse en el olor del papel, dejarse llevar por enigm\u00e1ticos sonidos, desconectar del mundo digital para emprender un viaje sensual en busca de los sentidos perdidos.<\/p>\t\t\t\t\t\t\t\t<\/div>\n\t\t\t\t<\/div>\n\t\t\t\t\t<\/div>\n\t\t<\/div>\n\t\t\t\t\t<\/div>\n\t\t<\/section>\n\t\t\t\t<div class=\"elementor-element elementor-element-04ee157 elementor-hidden-tablet elementor-hidden-mobile elementor-widget elementor-widget-spacer\" data-id=\"04ee157\" data-element_type=\"widget\" data-widget_type=\"spacer.default\">\n\t\t\t\t<div class=\"elementor-widget-container\">\n\t\t\t\t\t\t\t<div class=\"elementor-spacer\">\n\t\t\t<div class=\"elementor-spacer-inner\"><\/div>\n\t\t<\/div>\n\t\t\t\t\t\t<\/div>\n\t\t\t\t<\/div>\n\t\t\t\t\t<\/div>\n\t\t<\/div>\n\t\t\t\t<div class=\"elementor-column elementor-col-50 elementor-top-column elementor-element elementor-element-26e0c0e\" data-id=\"26e0c0e\" data-element_type=\"column\" data-settings=\"{&quot;background_background&quot;:&quot;classic&quot;}\">\n\t\t\t<div class=\"elementor-widget-wrap elementor-element-populated\">\n\t\t\t\t\t\t<div class=\"elementor-element elementor-element-f3f71ce elementor-widget elementor-widget-spacer\" data-id=\"f3f71ce\" data-element_type=\"widget\" data-widget_type=\"spacer.default\">\n\t\t\t\t<div class=\"elementor-widget-container\">\n\t\t\t\t\t\t\t<div class=\"elementor-spacer\">\n\t\t\t<div class=\"elementor-spacer-inner\"><\/div>\n\t\t<\/div>\n\t\t\t\t\t\t<\/div>\n\t\t\t\t<\/div>\n\t\t\t\t\t<\/div>\n\t\t<\/div>\n\t\t\t\t\t<\/div>\n\t\t<\/section>\n\t\t\t\t<section class=\"elementor-section elementor-top-section elementor-element elementor-element-1fa2563 elementor-section-full_width elementor-section-height-min-height elementor-section-items-stretch elementor-section-content-middle elementor-reverse-tablet elementor-reverse-mobile elementor-section-height-default\" data-id=\"1fa2563\" data-element_type=\"section\">\n\t\t\t\t\t\t<div class=\"elementor-container elementor-column-gap-no\">\n\t\t\t\t\t<div class=\"elementor-column elementor-col-50 elementor-top-column elementor-element elementor-element-2772443\" data-id=\"2772443\" data-element_type=\"column\" data-settings=\"{&quot;background_background&quot;:&quot;classic&quot;}\">\n\t\t\t<div class=\"elementor-widget-wrap elementor-element-populated\">\n\t\t\t\t\t\t<div class=\"elementor-element elementor-element-eb28b6f elementor-widget elementor-widget-spacer\" data-id=\"eb28b6f\" data-element_type=\"widget\" data-widget_type=\"spacer.default\">\n\t\t\t\t<div class=\"elementor-widget-container\">\n\t\t\t\t\t\t\t<div class=\"elementor-spacer\">\n\t\t\t<div class=\"elementor-spacer-inner\"><\/div>\n\t\t<\/div>\n\t\t\t\t\t\t<\/div>\n\t\t\t\t<\/div>\n\t\t\t\t\t<\/div>\n\t\t<\/div>\n\t\t\t\t<div class=\"elementor-column elementor-col-50 elementor-top-column elementor-element elementor-element-b14c7b9\" data-id=\"b14c7b9\" data-element_type=\"column\">\n\t\t\t<div class=\"elementor-widget-wrap elementor-element-populated\">\n\t\t\t\t\t\t<section class=\"elementor-section elementor-inner-section elementor-element elementor-element-14cd017 elementor-section-full_width elementor-section-height-default elementor-section-height-default\" data-id=\"14cd017\" data-element_type=\"section\">\n\t\t\t\t\t\t<div class=\"elementor-container elementor-column-gap-no\">\n\t\t\t\t\t<div class=\"elementor-column elementor-col-100 elementor-inner-column elementor-element elementor-element-0ee1835\" data-id=\"0ee1835\" data-element_type=\"column\">\n\t\t\t<div class=\"elementor-widget-wrap elementor-element-populated\">\n\t\t\t\t\t\t<div class=\"elementor-element elementor-element-21ff627 elementor-widget__width-initial elementor-widget-mobile__width-initial elementor-invisible elementor-widget elementor-widget-heading\" data-id=\"21ff627\" data-element_type=\"widget\" data-settings=\"{&quot;_animation&quot;:&quot;fadeInUp&quot;}\" data-widget_type=\"heading.default\">\n\t\t\t\t<div class=\"elementor-widget-container\">\n\t\t\t\t\t<span class=\"elementor-heading-title elementor-size-default\">Envian's un missatge<\/span>\t\t\t\t<\/div>\n\t\t\t\t<\/div>\n\t\t\t\t\t<\/div>\n\t\t<\/div>\n\t\t\t\t\t<\/div>\n\t\t<\/section>\n\t\t\t\t<div class=\"elementor-element elementor-element-f762035 elementor-widget__width-initial elementor-button-align-stretch elementor-widget elementor-widget-form\" data-id=\"f762035\" data-element_type=\"widget\" data-settings=\"{&quot;step_next_label&quot;:&quot;Next&quot;,&quot;step_previous_label&quot;:&quot;Previous&quot;,&quot;button_width&quot;:&quot;100&quot;,&quot;step_type&quot;:&quot;number_text&quot;,&quot;step_icon_shape&quot;:&quot;circle&quot;}\" data-widget_type=\"form.default\">\n\t\t\t\t<div class=\"elementor-widget-container\">\n\t\t\t\t\t\t\t<form class=\"elementor-form\" method=\"post\" name=\"New Form\" action=\"\">\n\t\t\t<input type=\"hidden\" name=\"post_id\" value=\"522\"\/>\n\t\t\t<input type=\"hidden\" name=\"form_id\" value=\"f762035\"\/>\n\t\t\t<input type=\"hidden\" name=\"referer_title\" value=\"Casa Fahrenheit &#8211; Librer\u00eda independiente, Caf\u00e9 y Vinilos\" \/>\n\n\t\t\t\n\t\t\t<div class=\"elementor-form-fields-wrapper elementor-labels-above\">\n\t\t\t\t\t\t\t\t<div class=\"elementor-field-type-text elementor-field-group elementor-column elementor-field-group-name elementor-col-100\">\n\t\t\t\t\t\t\t\t\t\t\t\t<label for=\"form-field-name\" class=\"elementor-field-label\">\n\t\t\t\t\t\t\t\tNom\t\t\t\t\t\t\t<\/label>\n\t\t\t\t\t\t\t\t\t\t\t\t\t\t<input size=\"1\" type=\"text\" name=\"form_fields[name]\" id=\"form-field-name\" class=\"elementor-field elementor-size-sm  elementor-field-textual\" placeholder=\"Nombre\">\n\t\t\t\t\t\t\t\t\t\t\t<\/div>\n\t\t\t\t\t\t\t\t<div class=\"elementor-field-type-email elementor-field-group elementor-column elementor-field-group-email elementor-col-100 elementor-field-required\">\n\t\t\t\t\t\t\t\t\t\t\t\t<label for=\"form-field-email\" class=\"elementor-field-label\">\n\t\t\t\t\t\t\t\tCorreu electr\u00f2nic\t\t\t\t\t\t\t<\/label>\n\t\t\t\t\t\t\t\t\t\t\t\t\t\t<input size=\"1\" type=\"email\" name=\"form_fields[email]\" id=\"form-field-email\" class=\"elementor-field elementor-size-sm  elementor-field-textual\" placeholder=\"Correo electr\u00f3nico\" required=\"required\" aria-required=\"true\">\n\t\t\t\t\t\t\t\t\t\t\t<\/div>\n\t\t\t\t\t\t\t\t<div class=\"elementor-field-type-textarea elementor-field-group elementor-column elementor-field-group-message elementor-col-100\">\n\t\t\t\t\t\t\t\t\t\t\t\t<label for=\"form-field-message\" class=\"elementor-field-label\">\n\t\t\t\t\t\t\t\tMissatge\t\t\t\t\t\t\t<\/label>\n\t\t\t\t\t\t<textarea class=\"elementor-field-textual elementor-field  elementor-size-sm\" name=\"form_fields[message]\" id=\"form-field-message\" rows=\"4\" placeholder=\"Mensaje\"><\/textarea>\t\t\t\t<\/div>\n\t\t\t\t\t\t\t\t<div class=\"elementor-field-group elementor-column elementor-field-type-submit elementor-col-100 e-form__buttons\">\n\t\t\t\t\t<button type=\"submit\" class=\"elementor-button elementor-size-sm\">\n\t\t\t\t\t\t<span >\n\t\t\t\t\t\t\t\t\t\t\t\t\t\t\t<span class=\"elementor-button-icon\">\n\t\t\t\t\t\t\t\t\t\t\t\t\t\t\t\t\t\t\t\t\t\t\t\t\t\t<\/span>\n\t\t\t\t\t\t\t\t\t\t\t\t\t\t\t\t\t\t\t\t\t\t<span class=\"elementor-button-text\">Enviar<\/span>\n\t\t\t\t\t\t\t\t\t\t\t\t\t<\/span>\n\t\t\t\t\t<\/button>\n\t\t\t\t<\/div>\n\t\t\t<\/div>\n\t\t<input type=\"hidden\" name=\"trp-form-language\" value=\"es\"\/><\/form>\n\t\t\t\t\t\t<\/div>\n\t\t\t\t<\/div>\n\t\t\t\t<div class=\"elementor-element elementor-element-b7605c3 elementor-widget elementor-widget-spacer\" data-id=\"b7605c3\" data-element_type=\"widget\" data-widget_type=\"spacer.default\">\n\t\t\t\t<div class=\"elementor-widget-container\">\n\t\t\t\t\t\t\t<div class=\"elementor-spacer\">\n\t\t\t<div class=\"elementor-spacer-inner\"><\/div>\n\t\t<\/div>\n\t\t\t\t\t\t<\/div>\n\t\t\t\t<\/div>\n\t\t\t\t\t<\/div>\n\t\t<\/div>\n\t\t\t\t\t<\/div>\n\t\t<\/section>\n\t\t\t\t<\/div>","protected":false},"excerpt":{"rendered":"<p>SOBRE NOSALTRES Casa Fahrenheit \u00e9s el resultat de l&#8217;evoluci\u00f3 de Fahrenheit 451, un espai itinerant que va n\u00e9ixer com a llibreria m\u00f2bil a sitges per despr\u00e9s traslladar-se a la Barceloneta [&hellip;]<\/p>","protected":false},"author":2,"featured_media":0,"parent":0,"menu_order":0,"comment_status":"closed","ping_status":"closed","template":"","meta":{"_acf_changed":false,"_mo_disable_npp":"","footnotes":""},"class_list":["post-522","page","type-page","status-publish","hentry"],"acf":[],"yoast_head":"<!-- This site is optimized with the Yoast SEO plugin v25.2 - https:\/\/yoast.com\/wordpress\/plugins\/seo\/ -->\n<title>About Us - Casa Fahrenheit - Librer\u00eda independiente, Caf\u00e9 y Vinilos<\/title>\n<meta name=\"robots\" content=\"index, follow, max-snippet:-1, max-image-preview:large, max-video-preview:-1\" \/>\n<link rel=\"canonical\" href=\"https:\/\/casafahrenheit.com\/es\/about-us\/\" \/>\n<meta property=\"og:locale\" content=\"es_ES\" \/>\n<meta property=\"og:type\" content=\"article\" \/>\n<meta property=\"og:title\" content=\"About Us - Casa Fahrenheit - Librer\u00eda independiente, Caf\u00e9 y Vinilos\" \/>\n<meta property=\"og:description\" content=\"SOBRE NOSALTRES Casa Fahrenheit \u00e9s el resultat de l&#8217;evoluci\u00f3 de Fahrenheit 451, un espai itinerant que va n\u00e9ixer com a llibreria m\u00f2bil a sitges per despr\u00e9s traslladar-se a la Barceloneta [&hellip;]\" \/>\n<meta property=\"og:url\" content=\"https:\/\/casafahrenheit.com\/es\/about-us\/\" \/>\n<meta property=\"og:site_name\" content=\"Casa Fahrenheit - Librer\u00eda independiente, Caf\u00e9 y Vinilos\" \/>\n<meta property=\"article:modified_time\" content=\"2024-02-09T15:36:55+00:00\" \/>\n<meta name=\"twitter:card\" content=\"summary_large_image\" \/>\n<meta name=\"twitter:label1\" content=\"Tiempo de lectura\" \/>\n\t<meta name=\"twitter:data1\" content=\"1 minuto\" \/>\n<script type=\"application\/ld+json\" class=\"yoast-schema-graph\">{\"@context\":\"https:\/\/schema.org\",\"@graph\":[{\"@type\":\"WebPage\",\"@id\":\"https:\/\/casafahrenheit.com\/about-us\/\",\"url\":\"https:\/\/casafahrenheit.com\/about-us\/\",\"name\":\"About Us - Casa Fahrenheit - Librer\u00eda independiente, Caf\u00e9 y Vinilos\",\"isPartOf\":{\"@id\":\"https:\/\/casafahrenheit.com\/#website\"},\"datePublished\":\"2023-09-27T13:27:52+00:00\",\"dateModified\":\"2024-02-09T15:36:55+00:00\",\"breadcrumb\":{\"@id\":\"https:\/\/casafahrenheit.com\/about-us\/#breadcrumb\"},\"inLanguage\":\"es\",\"potentialAction\":[{\"@type\":\"ReadAction\",\"target\":[\"https:\/\/casafahrenheit.com\/about-us\/\"]}]},{\"@type\":\"BreadcrumbList\",\"@id\":\"https:\/\/casafahrenheit.com\/about-us\/#breadcrumb\",\"itemListElement\":[{\"@type\":\"ListItem\",\"position\":1,\"name\":\"Home\",\"item\":\"https:\/\/casafahrenheit.com\/\"},{\"@type\":\"ListItem\",\"position\":2,\"name\":\"About Us\"}]},{\"@type\":\"WebSite\",\"@id\":\"https:\/\/casafahrenheit.com\/#website\",\"url\":\"https:\/\/casafahrenheit.com\/\",\"name\":\"Casa Fahrenheit - Librer\u00eda independiente, Caf\u00e9 y Vinilos\",\"description\":\"Sum\u00e9rgete en la Casa Fahrenheit, la fusi\u00f3n perfecta de libros, caf\u00e9 excepcional y la magia de los vinilos. Descubre nuestra singular combinaci\u00f3n de cultura, actividades y talleres en un solo lugar.\",\"publisher\":{\"@id\":\"https:\/\/casafahrenheit.com\/#organization\"},\"alternateName\":\"Casa Fahrenheit - Librer\u00eda Fahrenheit 451\",\"potentialAction\":[{\"@type\":\"SearchAction\",\"target\":{\"@type\":\"EntryPoint\",\"urlTemplate\":\"https:\/\/casafahrenheit.com\/?s={search_term_string}\"},\"query-input\":{\"@type\":\"PropertyValueSpecification\",\"valueRequired\":true,\"valueName\":\"search_term_string\"}}],\"inLanguage\":\"es\"},{\"@type\":\"Organization\",\"@id\":\"https:\/\/casafahrenheit.com\/#organization\",\"name\":\"Casa Fahrenheit\",\"url\":\"https:\/\/casafahrenheit.com\/\",\"logo\":{\"@type\":\"ImageObject\",\"inLanguage\":\"es\",\"@id\":\"https:\/\/casafahrenheit.com\/#\/schema\/logo\/image\/\",\"url\":\"https:\/\/casafahrenheit.com\/wp-content\/uploads\/2023\/09\/Logo-F.png\",\"contentUrl\":\"https:\/\/casafahrenheit.com\/wp-content\/uploads\/2023\/09\/Logo-F.png\",\"width\":558,\"height\":230,\"caption\":\"Casa Fahrenheit\"},\"image\":{\"@id\":\"https:\/\/casafahrenheit.com\/#\/schema\/logo\/image\/\"},\"sameAs\":[\"https:\/\/www.instagram.com\/libreria_f451\/\"]}]}<\/script>\n<!-- \/ Yoast SEO plugin. -->","yoast_head_json":{"title":"About Us - Casa Fahrenheit - Librer\u00eda independiente, Caf\u00e9 y Vinilos","robots":{"index":"index","follow":"follow","max-snippet":"max-snippet:-1","max-image-preview":"max-image-preview:large","max-video-preview":"max-video-preview:-1"},"canonical":"https:\/\/casafahrenheit.com\/es\/about-us\/","og_locale":"es_ES","og_type":"article","og_title":"About Us - Casa Fahrenheit - Librer\u00eda independiente, Caf\u00e9 y Vinilos","og_description":"SOBRE NOSALTRES Casa Fahrenheit \u00e9s el resultat de l&#8217;evoluci\u00f3 de Fahrenheit 451, un espai itinerant que va n\u00e9ixer com a llibreria m\u00f2bil a sitges per despr\u00e9s traslladar-se a la Barceloneta [&hellip;]","og_url":"https:\/\/casafahrenheit.com\/es\/about-us\/","og_site_name":"Casa Fahrenheit - Librer\u00eda independiente, Caf\u00e9 y Vinilos","article_modified_time":"2024-02-09T15:36:55+00:00","twitter_card":"summary_large_image","twitter_misc":{"Tiempo de lectura":"1 minuto"},"schema":{"@context":"https:\/\/schema.org","@graph":[{"@type":"WebPage","@id":"https:\/\/casafahrenheit.com\/about-us\/","url":"https:\/\/casafahrenheit.com\/about-us\/","name":"About Us - Casa Fahrenheit - Librer\u00eda independiente, Caf\u00e9 y Vinilos","isPartOf":{"@id":"https:\/\/casafahrenheit.com\/#website"},"datePublished":"2023-09-27T13:27:52+00:00","dateModified":"2024-02-09T15:36:55+00:00","breadcrumb":{"@id":"https:\/\/casafahrenheit.com\/about-us\/#breadcrumb"},"inLanguage":"es","potentialAction":[{"@type":"ReadAction","target":["https:\/\/casafahrenheit.com\/about-us\/"]}]},{"@type":"BreadcrumbList","@id":"https:\/\/casafahrenheit.com\/about-us\/#breadcrumb","itemListElement":[{"@type":"ListItem","position":1,"name":"Home","item":"https:\/\/casafahrenheit.com\/"},{"@type":"ListItem","position":2,"name":"About Us"}]},{"@type":"WebSite","@id":"https:\/\/casafahrenheit.com\/#website","url":"https:\/\/casafahrenheit.com\/","name":"Casa Fahrenheit - Librer\u00eda independiente, Caf\u00e9 y Vinilos","description":"Sum\u00e9rgete en la Casa Fahrenheit, la fusi\u00f3n perfecta de libros, caf\u00e9 excepcional y la magia de los vinilos. Descubre nuestra singular combinaci\u00f3n de cultura, actividades y talleres en un solo lugar.","publisher":{"@id":"https:\/\/casafahrenheit.com\/#organization"},"alternateName":"Casa Fahrenheit - Librer\u00eda Fahrenheit 451","potentialAction":[{"@type":"SearchAction","target":{"@type":"EntryPoint","urlTemplate":"https:\/\/casafahrenheit.com\/?s={search_term_string}"},"query-input":{"@type":"PropertyValueSpecification","valueRequired":true,"valueName":"search_term_string"}}],"inLanguage":"es"},{"@type":"Organization","@id":"https:\/\/casafahrenheit.com\/#organization","name":"Casa Fahrenheit","url":"https:\/\/casafahrenheit.com\/","logo":{"@type":"ImageObject","inLanguage":"es","@id":"https:\/\/casafahrenheit.com\/#\/schema\/logo\/image\/","url":"https:\/\/casafahrenheit.com\/wp-content\/uploads\/2023\/09\/Logo-F.png","contentUrl":"https:\/\/casafahrenheit.com\/wp-content\/uploads\/2023\/09\/Logo-F.png","width":558,"height":230,"caption":"Casa Fahrenheit"},"image":{"@id":"https:\/\/casafahrenheit.com\/#\/schema\/logo\/image\/"},"sameAs":["https:\/\/www.instagram.com\/libreria_f451\/"]}]}},"_links":{"self":[{"href":"https:\/\/casafahrenheit.com\/es\/wp-json\/wp\/v2\/pages\/522","targetHints":{"allow":["GET"]}}],"collection":[{"href":"https:\/\/casafahrenheit.com\/es\/wp-json\/wp\/v2\/pages"}],"about":[{"href":"https:\/\/casafahrenheit.com\/es\/wp-json\/wp\/v2\/types\/page"}],"author":[{"embeddable":true,"href":"https:\/\/casafahrenheit.com\/es\/wp-json\/wp\/v2\/users\/2"}],"replies":[{"embeddable":true,"href":"https:\/\/casafahrenheit.com\/es\/wp-json\/wp\/v2\/comments?post=522"}],"version-history":[{"count":70,"href":"https:\/\/casafahrenheit.com\/es\/wp-json\/wp\/v2\/pages\/522\/revisions"}],"predecessor-version":[{"id":1296,"href":"https:\/\/casafahrenheit.com\/es\/wp-json\/wp\/v2\/pages\/522\/revisions\/1296"}],"wp:attachment":[{"href":"https:\/\/casafahrenheit.com\/es\/wp-json\/wp\/v2\/media?parent=522"}],"curies":[{"name":"wp","href":"https:\/\/api.w.org\/{rel}","templated":true}]}}